{"id":6,"date":"2007-07-14T21:24:36","date_gmt":"2007-07-14T21:24:36","guid":{"rendered":"http:\/\/www.langenhagengegenrechts.de\/index.php\/about\/"},"modified":"2022-01-06T22:13:59","modified_gmt":"2022-01-06T21:13:59","slug":"about","status":"publish","type":"page","link":"https:\/\/langenhagengegenrechts.de\/index.php\/about\/","title":{"rendered":"Kontakt"},"content":{"rendered":"<p>Aktionsb\u00fcndnis &#8222;Langenhagener Gegen Rechte Gewalt&#8220;<br \/>\n<a href=\"mailto:info@langenhagengegenrechts.de\">info@langenhagengegenrechts.de<\/a><\/p>\n<p><img decoding=\"async\" src=\"https:\/\/langenhagengegenrechts.de\/wp-content\/uploads\/2007\/07\/logo.gif\" alt=\"logo.gif\" \/><\/p>\n<p>Alle Interessierten sind herzlich eingeladen.<\/p>\n<p>Aufkl\u00e4rung &#8211; Pr\u00e4vention &#8211; Aktion<\/p>\n<p>Aktiv seit \u00fcber 20 Jahren<\/p>\n","protected":false},"excerpt":{"rendered":"<p>Aktionsb\u00fcndnis &#8222;Langenhagener Gegen Rechte Gewalt&#8220; info@langenhagengegenrechts.de Alle Interessierten sind herzlich eingeladen. Aufkl\u00e4rung &#8211; Pr\u00e4vention &#8211; Aktion Aktiv seit \u00fcber 20 Jahren<\/p>\n","protected":false},"author":1,"featured_media":0,"parent":0,"menu_order":2,"comment_status":"closed","ping_status":"closed","template":"","meta":{"footnotes":""},"class_list":["post-6","page","type-page","status-publish","hentry"],"_links":{"self":[{"href":"https:\/\/langenhagengegenrechts.de\/index.php\/wp-json\/wp\/v2\/pages\/6","targetHints":{"allow":["GET"]}}],"collection":[{"href":"https:\/\/langenhagengegenrechts.de\/index.php\/wp-json\/wp\/v2\/pages"}],"about":[{"href":"https:\/\/langenhagengegenrechts.de\/index.php\/wp-json\/wp\/v2\/types\/page"}],"author":[{"embeddable":true,"href":"https:\/\/langenhagengegenrechts.de\/index.php\/wp-json\/wp\/v2\/users\/1"}],"replies":[{"embeddable":true,"href":"https:\/\/langenhagengegenrechts.de\/index.php\/wp-json\/wp\/v2\/comments?post=6"}],"version-history":[{"count":3,"href":"https:\/\/langenhagengegenrechts.de\/index.php\/wp-json\/wp\/v2\/pages\/6\/revisions"}],"predecessor-version":[{"id":499,"href":"https:\/\/langenhagengegenrechts.de\/index.php\/wp-json\/wp\/v2\/pages\/6\/revisions\/499"}],"wp:attachment":[{"href":"https:\/\/langenhagengegenrechts.de\/index.php\/wp-json\/wp\/v2\/media?parent=6"}],"curies":[{"name":"wp","href":"https:\/\/api.w.org\/{rel}","templated":true}]}}